{"id":1168,"date":"2023-10-06T13:53:34","date_gmt":"2023-10-06T11:53:34","guid":{"rendered":"https:\/\/aulari.cat\/que-ofrecemos\/"},"modified":"2025-02-05T14:51:08","modified_gmt":"2025-02-05T13:51:08","slug":"que-ofrecemos","status":"publish","type":"page","link":"https:\/\/aulari.cat\/es\/que-ofrecemos\/","title":{"rendered":"Qu\u00e9 ofrecemos"},"content":{"rendered":"\t\t<div data-elementor-type=\"wp-page\" data-elementor-id=\"1168\" class=\"elementor elementor-1168 elementor-735\" data-elementor-post-type=\"page\">\n\t\t\t\t<div class=\"elementor-element elementor-element-d625789 e-flex e-con-boxed e-con e-parent\" data-id=\"d625789\" data-element_type=\"container\" data-settings=\"{&quot;background_background&quot;:&quot;classic&quot;}\">\n\t\t\t\t\t<div class=\"e-con-inner\">\n\t\t<div class=\"elementor-element elementor-element-af60ace e-flex e-con-boxed e-con e-child\" data-id=\"af60ace\" data-element_type=\"container\">\n\t\t\t\t\t<div class=\"e-con-inner\">\n\t\t<div class=\"elementor-element elementor-element-35f7c2a e-con-full e-flex e-con e-child\" data-id=\"35f7c2a\" data-element_type=\"container\" data-settings=\"{&quot;background_background&quot;:&quot;classic&quot;,&quot;motion_fx_motion_fx_scrolling&quot;:&quot;yes&quot;,&quot;motion_fx_translateX_effect&quot;:&quot;yes&quot;,&quot;motion_fx_translateX_direction&quot;:&quot;negative&quot;,&quot;motion_fx_devices&quot;:[&quot;desktop&quot;,&quot;tablet&quot;],&quot;motion_fx_translateX_speed&quot;:{&quot;unit&quot;:&quot;px&quot;,&quot;size&quot;:4,&quot;sizes&quot;:[]},&quot;motion_fx_translateX_affectedRange&quot;:{&quot;unit&quot;:&quot;%&quot;,&quot;size&quot;:&quot;&quot;,&quot;sizes&quot;:{&quot;start&quot;:0,&quot;end&quot;:100}}}\">\n\t\t\t\t<div class=\"elementor-element elementor-element-31bccfa elementor-widget elementor-widget-heading\" data-id=\"31bccfa\" data-element_type=\"widget\" data-widget_type=\"heading.default\">\n\t\t\t\t\t<h1 class=\"elementor-heading-title elementor-size-default\">Qu\u00e9 ofrecemos<\/h1>\t\t\t\t<\/div>\n\t\t\t\t<div class=\"elementor-element elementor-element-aca1076 elementor-widget__width-initial elementor-widget elementor-widget-text-editor\" data-id=\"aca1076\" data-element_type=\"widget\" data-widget_type=\"text-editor.default\">\n\t\t\t\t\t\t\t\t\t<p>De la receta a la mesa: Talleres de cocina para todos los niveles<\/p>\n\t\t\t\t\t\t\t\t<\/div>\n\t\t\t\t<\/div>\n\t\t\t\t\t<\/div>\n\t\t\t\t<\/div>\n\t\t<div class=\"elementor-element elementor-element-2cca285 e-con-full e-flex e-con e-child\" data-id=\"2cca285\" data-element_type=\"container\">\n\t\t\t\t<div class=\"elementor-element elementor-element-25b8551 elementor-hidden-desktop elementor-hidden-tablet elementor-widget elementor-widget-image\" data-id=\"25b8551\" data-element_type=\"widget\" data-widget_type=\"image.default\">\n\t\t\t\t\t\t\t\t\t\t\t\t\t\t\t<img fetchpriority=\"high\" decoding=\"async\" width=\"718\" height=\"1024\" src=\"https:\/\/aulari.cat\/wp-content\/uploads\/2023\/10\/TALLER-MANS-718x1024.jpg\" class=\"attachment-large size-large wp-image-962\" alt=\"\" srcset=\"https:\/\/aulari.cat\/wp-content\/uploads\/2023\/10\/TALLER-MANS-718x1024.jpg 718w, https:\/\/aulari.cat\/wp-content\/uploads\/2023\/10\/TALLER-MANS-210x300.jpg 210w, https:\/\/aulari.cat\/wp-content\/uploads\/2023\/10\/TALLER-MANS-768x1095.jpg 768w, https:\/\/aulari.cat\/wp-content\/uploads\/2023\/10\/TALLER-MANS-1078x1536.jpg 1078w, https:\/\/aulari.cat\/wp-content\/uploads\/2023\/10\/TALLER-MANS-1437x2048.jpg 1437w, https:\/\/aulari.cat\/wp-content\/uploads\/2023\/10\/TALLER-MANS-600x855.jpg 600w, https:\/\/aulari.cat\/wp-content\/uploads\/2023\/10\/TALLER-MANS.jpg 1500w\" sizes=\"(max-width: 718px) 100vw, 718px\" \/>\t\t\t\t\t\t\t\t\t\t\t\t\t\t\t<\/div>\n\t\t\t\t<\/div>\n\t\t\t\t\t<\/div>\n\t\t\t\t<\/div>\n\t\t<div class=\"elementor-element elementor-element-9ee6e87 e-flex e-con-boxed e-con e-parent\" data-id=\"9ee6e87\" data-element_type=\"container\">\n\t\t\t\t\t<div class=\"e-con-inner\">\n\t\t<div class=\"elementor-element elementor-element-a0faf0c e-con-full e-flex e-con e-child\" data-id=\"a0faf0c\" data-element_type=\"container\">\n\t\t\t\t<div class=\"elementor-element elementor-element-468188c elementor-widget elementor-widget-image\" data-id=\"468188c\" data-element_type=\"widget\" data-widget_type=\"image.default\">\n\t\t\t\t\t\t\t\t\t\t\t\t\t\t\t<img decoding=\"async\" width=\"1500\" height=\"2168\" src=\"https:\/\/aulari.cat\/wp-content\/uploads\/2023\/10\/FOTO-TALLER.jpg\" class=\"attachment-full size-full wp-image-960\" alt=\"\" srcset=\"https:\/\/aulari.cat\/wp-content\/uploads\/2023\/10\/FOTO-TALLER.jpg 1500w, https:\/\/aulari.cat\/wp-content\/uploads\/2023\/10\/FOTO-TALLER-208x300.jpg 208w, https:\/\/aulari.cat\/wp-content\/uploads\/2023\/10\/FOTO-TALLER-708x1024.jpg 708w, https:\/\/aulari.cat\/wp-content\/uploads\/2023\/10\/FOTO-TALLER-768x1110.jpg 768w, https:\/\/aulari.cat\/wp-content\/uploads\/2023\/10\/FOTO-TALLER-1063x1536.jpg 1063w, https:\/\/aulari.cat\/wp-content\/uploads\/2023\/10\/FOTO-TALLER-1417x2048.jpg 1417w, https:\/\/aulari.cat\/wp-content\/uploads\/2023\/10\/FOTO-TALLER-600x867.jpg 600w\" sizes=\"(max-width: 1500px) 100vw, 1500px\" \/>\t\t\t\t\t\t\t\t\t\t\t\t\t\t\t<\/div>\n\t\t\t\t<\/div>\n\t\t<div class=\"elementor-element elementor-element-84c0c4a e-con-full e-flex e-con e-child\" data-id=\"84c0c4a\" data-element_type=\"container\">\n\t\t\t\t<div class=\"elementor-element elementor-element-5a6c5e8 elementor-widget elementor-widget-heading\" data-id=\"5a6c5e8\" data-element_type=\"widget\" data-widget_type=\"heading.default\">\n\t\t\t\t\t<h2 class=\"elementor-heading-title elementor-size-default\">\nTalleres de cocina\n<\/h2>\t\t\t\t<\/div>\n\t\t\t\t<div class=\"elementor-element elementor-element-b7a1e8d elementor-widget elementor-widget-text-editor\" data-id=\"b7a1e8d\" data-element_type=\"widget\" data-widget_type=\"text-editor.default\">\n\t\t\t\t\t\t\t\t\t<p>Els tallers de cuina tenen una durada de poc m\u00e9s de dos hores i s\u00f3n participatius, es a dir, s\u00f3n els alumnes els qui cuinen tot seguint les instruccions per part d\u2019un professor, cuiner o expert en la mat\u00e8ria.<\/p>\n<p>S\u00f3n talleres dirigidos a afici\u00f3nados a la cocina, sin necesidad de tener un nivel m\u00ednimo, con la intencion de dotar a los asistentes de los conocimiento necesarios para mejorar sus futuras experiencias entre fogones Siempre en un ambiente cordial y distendido sin perder de vista el aspecto l\u00fadico de la actividad.<\/p>\n<p>Aprenderas tecnicas basicas de cocina, descubriras los ingredientes y los utensilios mas importantes para tener \u00e9xito en los fogones. Adquiriras habilidades para preparar comidas saludables y equilibradas.<\/p>\n<p>En nuestros cursos de formaci\u00f3n en gastronom\u00eda, tambi\u00e9n aprender\u00e1s a desarrollar tu creatividad a trav\u00e9s de la cocina, as\u00ed como utilizar los alimentos de temporada para preparar platos sabrosos.<\/p>\n\t\t\t\t\t\t\t\t<\/div>\n\t\t\t\t<\/div>\n\t\t\t\t\t<\/div>\n\t\t\t\t<\/div>\n\t\t<div class=\"elementor-element elementor-element-f39c83b e-flex e-con-boxed e-con e-parent\" data-id=\"f39c83b\" data-element_type=\"container\">\n\t\t\t\t\t<div class=\"e-con-inner\">\n\t\t<div class=\"elementor-element elementor-element-b5eaeb6 e-con-full e-flex e-con e-child\" data-id=\"b5eaeb6\" data-element_type=\"container\">\n\t\t\t\t<div class=\"elementor-element elementor-element-d007f05 elementor-widget elementor-widget-text-editor\" data-id=\"d007f05\" data-element_type=\"widget\" data-widget_type=\"text-editor.default\">\n\t\t\t\t\t\t\t\t\t<p>Tenemos la oportunidad de explorar los sabores de la cocina mediterranea, asi\u00e1tica, latinia i francesacuina mediterr\u00e1nia, asi\u00e0tica, llatina i francesa. Trabajaremos con un equipo de profesionales de la gastronom\u00eda, que le guiar\u00e1n durante todo el proceso de aprendizaje.<\/p>\n<p>Talleres de arroces, de cocina catalana, sushi, de pasteleria y de chocolate. Decocian de temporada, aperitivos y tapas, catas de vino&#8230;. <br \/>Las posibilidades s\u00f3n m\u00faltiples y nos adaptaos a las necesidades de nuestros clientes<\/p>\n\t\t\t\t\t\t\t\t<\/div>\n\t\t\t\t<\/div>\n\t\t<div class=\"elementor-element elementor-element-e405356 e-con-full e-flex e-con e-child\" data-id=\"e405356\" data-element_type=\"container\">\n\t\t\t\t<div class=\"elementor-element elementor-element-6801b05 elementor-widget elementor-widget-image\" data-id=\"6801b05\" data-element_type=\"widget\" data-widget_type=\"image.default\">\n\t\t\t\t\t\t\t\t\t\t\t\t\t\t\t<img decoding=\"async\" width=\"1024\" height=\"768\" src=\"https:\/\/aulari.cat\/wp-content\/uploads\/2023\/10\/fa4646fe-2307-499a-b03a-883f1b9938e4.jpeg\" class=\"attachment-full size-full wp-image-446\" alt=\"\" srcset=\"https:\/\/aulari.cat\/wp-content\/uploads\/2023\/10\/fa4646fe-2307-499a-b03a-883f1b9938e4.jpeg 1024w, https:\/\/aulari.cat\/wp-content\/uploads\/2023\/10\/fa4646fe-2307-499a-b03a-883f1b9938e4-300x225.jpeg 300w, https:\/\/aulari.cat\/wp-content\/uploads\/2023\/10\/fa4646fe-2307-499a-b03a-883f1b9938e4-768x576.jpeg 768w, https:\/\/aulari.cat\/wp-content\/uploads\/2023\/10\/fa4646fe-2307-499a-b03a-883f1b9938e4-600x450.jpeg 600w\" sizes=\"(max-width: 1024px) 100vw, 1024px\" \/>\t\t\t\t\t\t\t\t\t\t\t\t\t\t\t<\/div>\n\t\t\t\t<\/div>\n\t\t\t\t\t<\/div>\n\t\t\t\t<\/div>\n\t\t<div class=\"elementor-element elementor-element-d55067d e-flex e-con-boxed e-con e-parent\" data-id=\"d55067d\" data-element_type=\"container\" data-settings=\"{&quot;background_background&quot;:&quot;classic&quot;}\">\n\t\t\t\t\t<div class=\"e-con-inner\">\n\t\t<div class=\"elementor-element elementor-element-d889588 e-con-full elementor-hidden-mobile e-flex e-con e-child\" data-id=\"d889588\" data-element_type=\"container\">\n\t\t\t\t<\/div>\n\t\t<div class=\"elementor-element elementor-element-a05c311 e-con-full e-flex e-con e-child\" data-id=\"a05c311\" data-element_type=\"container\">\n\t\t\t\t<div class=\"elementor-element elementor-element-02fd82e elementor-widget elementor-widget-heading\" data-id=\"02fd82e\" data-element_type=\"widget\" data-widget_type=\"heading.default\">\n\t\t\t\t\t<h2 class=\"elementor-heading-title elementor-size-default\">Alquiler del espacio<\/h2>\t\t\t\t<\/div>\n\t\t\t\t<div class=\"elementor-element elementor-element-f51f58a elementor-widget elementor-widget-text-editor\" data-id=\"f51f58a\" data-element_type=\"widget\" data-widget_type=\"text-editor.default\">\n\t\t\t\t\t\t\t\t\t<p>Aulari es mucho m\u00e1s que un taller de cocina, es un espacio multidisciplinar donde poder realizar cenas privadas, shootings, presentaciones de producto, team buildings, workshops o reuniones de trabajo con tus equipos. Rodeado de campos y vi\u00f1edos dirigido por un equipo profesional que cuidar\u00e1 todos los detalles para que tu evento o proyecto tenga \u00e9xito, pocos espacios de difusi\u00f3n podr\u00e1s encontrar como el nuestro.<\/p>\n<p><strong>Escribenos y explicanos que necesitas y nos ponemos en marcha&#8230;<\/strong><\/p>\t\t\t\t\t\t\t\t<\/div>\n\t\t\t\t<div class=\"elementor-element elementor-element-6c1cbd3 elementor-widget elementor-widget-button\" data-id=\"6c1cbd3\" data-element_type=\"widget\" data-widget_type=\"button.default\">\n\t\t\t\t\t\t\t\t\t\t<a class=\"elementor-button elementor-button-link elementor-size-sm\" href=\"https:\/\/aulari.cat\/es\/contacto\/\">\n\t\t\t\t\t\t<span class=\"elementor-button-content-wrapper\">\n\t\t\t\t\t\t\t\t\t<span class=\"elementor-button-text\">contacta ahora<\/span>\n\t\t\t\t\t<\/span>\n\t\t\t\t\t<\/a>\n\t\t\t\t\t\t\t\t<\/div>\n\t\t\t\t<div class=\"elementor-element elementor-element-fdf1141 elementor-hidden-desktop elementor-hidden-tablet elementor-widget elementor-widget-image\" data-id=\"fdf1141\" data-element_type=\"widget\" data-widget_type=\"image.default\">\n\t\t\t\t\t\t\t\t\t\t\t\t\t\t\t<img loading=\"lazy\" decoding=\"async\" width=\"800\" height=\"534\" src=\"https:\/\/aulari.cat\/wp-content\/uploads\/2023\/10\/taula-1024x683.jpg\" class=\"attachment-large size-large wp-image-965\" alt=\"\" srcset=\"https:\/\/aulari.cat\/wp-content\/uploads\/2023\/10\/taula-1024x683.jpg 1024w, https:\/\/aulari.cat\/wp-content\/uploads\/2023\/10\/taula-300x200.jpg 300w, https:\/\/aulari.cat\/wp-content\/uploads\/2023\/10\/taula-768x512.jpg 768w, https:\/\/aulari.cat\/wp-content\/uploads\/2023\/10\/taula-600x400.jpg 600w, https:\/\/aulari.cat\/wp-content\/uploads\/2023\/10\/taula.jpg 1500w\" sizes=\"(max-width: 800px) 100vw, 800px\" \/>\t\t\t\t\t\t\t\t\t\t\t\t\t\t\t<\/div>\n\t\t\t\t<\/div>\n\t\t\t\t\t<\/div>\n\t\t\t\t<\/div>\n\t\t\t\t<\/div>\n\t\t","protected":false},"excerpt":{"rendered":"<p>Qu\u00e9 ofrecemos De la receta a la mesa: Talleres de cocina para todos los niveles Talleres de cocina Els tallers de cuina tenen una durada de poc m\u00e9s de dos [&hellip;]<\/p>\n","protected":false},"author":1,"featured_media":0,"parent":0,"menu_order":0,"comment_status":"closed","ping_status":"closed","template":"","meta":{"_acf_changed":false,"_price":"","_stock":"","_tribe_ticket_header":"","_tribe_default_ticket_provider":"","_tribe_ticket_capacity":"0","_ticket_start_date":"","_ticket_end_date":"","_tribe_ticket_show_description":"","_tribe_ticket_show_not_going":false,"_tribe_ticket_use_global_stock":"","_tribe_ticket_global_stock_level":"","_global_stock_mode":"","_global_stock_cap":"","_tribe_rsvp_for_event":"","_tribe_ticket_going_count":"","_tribe_ticket_not_going_count":"","_tribe_tickets_list":"[]","_tribe_ticket_has_attendee_info_fields":false,"footnotes":""},"class_list":["post-1168","page","type-page","status-publish","hentry"],"acf":[],"yoast_head":"<!-- This site is optimized with the Yoast SEO plugin v24.3 - https:\/\/yoast.com\/wordpress\/plugins\/seo\/ -->\n<title>Qu\u00e9 ofrecemos - aulari<\/title>\n<meta name=\"robots\" content=\"index, follow, max-snippet:-1, max-image-preview:large, max-video-preview:-1\" \/>\n<link rel=\"canonical\" href=\"https:\/\/aulari.cat\/es\/que-ofrecemos\/\" \/>\n<meta property=\"og:locale\" content=\"es_ES\" \/>\n<meta property=\"og:type\" content=\"article\" \/>\n<meta property=\"og:title\" content=\"Qu\u00e9 ofrecemos - aulari\" \/>\n<meta property=\"og:description\" content=\"Qu\u00e9 ofrecemos De la receta a la mesa: Talleres de cocina para todos los niveles Talleres de cocina Els tallers de cuina tenen una durada de poc m\u00e9s de dos [&hellip;]\" \/>\n<meta property=\"og:url\" content=\"https:\/\/aulari.cat\/es\/que-ofrecemos\/\" \/>\n<meta property=\"og:site_name\" content=\"aulari\" \/>\n<meta property=\"article:modified_time\" content=\"2025-02-05T13:51:08+00:00\" \/>\n<meta property=\"og:image\" content=\"https:\/\/aulari.cat\/wp-content\/uploads\/2023\/10\/TALLER-MANS.jpg\" \/>\n\t<meta property=\"og:image:width\" content=\"1500\" \/>\n\t<meta property=\"og:image:height\" content=\"2138\" \/>\n\t<meta property=\"og:image:type\" content=\"image\/jpeg\" \/>\n<meta name=\"twitter:card\" content=\"summary_large_image\" \/>\n<meta name=\"twitter:label1\" content=\"Tiempo de lectura\" \/>\n\t<meta name=\"twitter:data1\" content=\"2 minutos\" \/>\n<script type=\"application\/ld+json\" class=\"yoast-schema-graph\">{\"@context\":\"https:\/\/schema.org\",\"@graph\":[{\"@type\":\"WebPage\",\"@id\":\"https:\/\/aulari.cat\/es\/que-ofrecemos\/\",\"url\":\"https:\/\/aulari.cat\/es\/que-ofrecemos\/\",\"name\":\"Qu\u00e9 ofrecemos - aulari\",\"isPartOf\":{\"@id\":\"https:\/\/aulari.cat\/#website\"},\"primaryImageOfPage\":{\"@id\":\"https:\/\/aulari.cat\/es\/que-ofrecemos\/#primaryimage\"},\"image\":{\"@id\":\"https:\/\/aulari.cat\/es\/que-ofrecemos\/#primaryimage\"},\"thumbnailUrl\":\"https:\/\/aulari.cat\/wp-content\/uploads\/2023\/10\/TALLER-MANS-718x1024.jpg\",\"datePublished\":\"2023-10-06T11:53:34+00:00\",\"dateModified\":\"2025-02-05T13:51:08+00:00\",\"breadcrumb\":{\"@id\":\"https:\/\/aulari.cat\/es\/que-ofrecemos\/#breadcrumb\"},\"inLanguage\":\"es\",\"potentialAction\":[{\"@type\":\"ReadAction\",\"target\":[\"https:\/\/aulari.cat\/es\/que-ofrecemos\/\"]}]},{\"@type\":\"ImageObject\",\"inLanguage\":\"es\",\"@id\":\"https:\/\/aulari.cat\/es\/que-ofrecemos\/#primaryimage\",\"url\":\"https:\/\/aulari.cat\/wp-content\/uploads\/2023\/10\/TALLER-MANS-718x1024.jpg\",\"contentUrl\":\"https:\/\/aulari.cat\/wp-content\/uploads\/2023\/10\/TALLER-MANS-718x1024.jpg\"},{\"@type\":\"BreadcrumbList\",\"@id\":\"https:\/\/aulari.cat\/es\/que-ofrecemos\/#breadcrumb\",\"itemListElement\":[{\"@type\":\"ListItem\",\"position\":1,\"name\":\"Inici\",\"item\":\"https:\/\/aulari.cat\/es\/inicio\/\"},{\"@type\":\"ListItem\",\"position\":2,\"name\":\"Qu\u00e9 ofrecemos\"}]},{\"@type\":\"WebSite\",\"@id\":\"https:\/\/aulari.cat\/#website\",\"url\":\"https:\/\/aulari.cat\/\",\"name\":\"Taller de cuina Aulari\",\"description\":\"Taller de cuina\",\"publisher\":{\"@id\":\"https:\/\/aulari.cat\/#organization\"},\"potentialAction\":[{\"@type\":\"SearchAction\",\"target\":{\"@type\":\"EntryPoint\",\"urlTemplate\":\"https:\/\/aulari.cat\/?s={search_term_string}\"},\"query-input\":{\"@type\":\"PropertyValueSpecification\",\"valueRequired\":true,\"valueName\":\"search_term_string\"}}],\"inLanguage\":\"es\"},{\"@type\":\"Organization\",\"@id\":\"https:\/\/aulari.cat\/#organization\",\"name\":\"aulari\",\"url\":\"https:\/\/aulari.cat\/\",\"logo\":{\"@type\":\"ImageObject\",\"inLanguage\":\"es\",\"@id\":\"https:\/\/aulari.cat\/#\/schema\/logo\/image\/\",\"url\":\"https:\/\/aulari.cat\/wp-content\/uploads\/2023\/09\/logo-aulari-taller-de-cuina.png\",\"contentUrl\":\"https:\/\/aulari.cat\/wp-content\/uploads\/2023\/09\/logo-aulari-taller-de-cuina.png\",\"width\":198,\"height\":115,\"caption\":\"aulari\"},\"image\":{\"@id\":\"https:\/\/aulari.cat\/#\/schema\/logo\/image\/\"},\"sameAs\":[\"https:\/\/www.instagram.com\/aularitaller\"]}]}<\/script>\n<!-- \/ Yoast SEO plugin. -->","yoast_head_json":{"title":"Qu\u00e9 ofrecemos - aulari","robots":{"index":"index","follow":"follow","max-snippet":"max-snippet:-1","max-image-preview":"max-image-preview:large","max-video-preview":"max-video-preview:-1"},"canonical":"https:\/\/aulari.cat\/es\/que-ofrecemos\/","og_locale":"es_ES","og_type":"article","og_title":"Qu\u00e9 ofrecemos - aulari","og_description":"Qu\u00e9 ofrecemos De la receta a la mesa: Talleres de cocina para todos los niveles Talleres de cocina Els tallers de cuina tenen una durada de poc m\u00e9s de dos [&hellip;]","og_url":"https:\/\/aulari.cat\/es\/que-ofrecemos\/","og_site_name":"aulari","article_modified_time":"2025-02-05T13:51:08+00:00","og_image":[{"width":1500,"height":2138,"url":"https:\/\/aulari.cat\/wp-content\/uploads\/2023\/10\/TALLER-MANS.jpg","type":"image\/jpeg"}],"twitter_card":"summary_large_image","twitter_misc":{"Tiempo de lectura":"2 minutos"},"schema":{"@context":"https:\/\/schema.org","@graph":[{"@type":"WebPage","@id":"https:\/\/aulari.cat\/es\/que-ofrecemos\/","url":"https:\/\/aulari.cat\/es\/que-ofrecemos\/","name":"Qu\u00e9 ofrecemos - aulari","isPartOf":{"@id":"https:\/\/aulari.cat\/#website"},"primaryImageOfPage":{"@id":"https:\/\/aulari.cat\/es\/que-ofrecemos\/#primaryimage"},"image":{"@id":"https:\/\/aulari.cat\/es\/que-ofrecemos\/#primaryimage"},"thumbnailUrl":"https:\/\/aulari.cat\/wp-content\/uploads\/2023\/10\/TALLER-MANS-718x1024.jpg","datePublished":"2023-10-06T11:53:34+00:00","dateModified":"2025-02-05T13:51:08+00:00","breadcrumb":{"@id":"https:\/\/aulari.cat\/es\/que-ofrecemos\/#breadcrumb"},"inLanguage":"es","potentialAction":[{"@type":"ReadAction","target":["https:\/\/aulari.cat\/es\/que-ofrecemos\/"]}]},{"@type":"ImageObject","inLanguage":"es","@id":"https:\/\/aulari.cat\/es\/que-ofrecemos\/#primaryimage","url":"https:\/\/aulari.cat\/wp-content\/uploads\/2023\/10\/TALLER-MANS-718x1024.jpg","contentUrl":"https:\/\/aulari.cat\/wp-content\/uploads\/2023\/10\/TALLER-MANS-718x1024.jpg"},{"@type":"BreadcrumbList","@id":"https:\/\/aulari.cat\/es\/que-ofrecemos\/#breadcrumb","itemListElement":[{"@type":"ListItem","position":1,"name":"Inici","item":"https:\/\/aulari.cat\/es\/inicio\/"},{"@type":"ListItem","position":2,"name":"Qu\u00e9 ofrecemos"}]},{"@type":"WebSite","@id":"https:\/\/aulari.cat\/#website","url":"https:\/\/aulari.cat\/","name":"Taller de cuina Aulari","description":"Taller de cuina","publisher":{"@id":"https:\/\/aulari.cat\/#organization"},"potentialAction":[{"@type":"SearchAction","target":{"@type":"EntryPoint","urlTemplate":"https:\/\/aulari.cat\/?s={search_term_string}"},"query-input":{"@type":"PropertyValueSpecification","valueRequired":true,"valueName":"search_term_string"}}],"inLanguage":"es"},{"@type":"Organization","@id":"https:\/\/aulari.cat\/#organization","name":"aulari","url":"https:\/\/aulari.cat\/","logo":{"@type":"ImageObject","inLanguage":"es","@id":"https:\/\/aulari.cat\/#\/schema\/logo\/image\/","url":"https:\/\/aulari.cat\/wp-content\/uploads\/2023\/09\/logo-aulari-taller-de-cuina.png","contentUrl":"https:\/\/aulari.cat\/wp-content\/uploads\/2023\/09\/logo-aulari-taller-de-cuina.png","width":198,"height":115,"caption":"aulari"},"image":{"@id":"https:\/\/aulari.cat\/#\/schema\/logo\/image\/"},"sameAs":["https:\/\/www.instagram.com\/aularitaller"]}]}},"_links":{"self":[{"href":"https:\/\/aulari.cat\/es\/wp-json\/wp\/v2\/pages\/1168","targetHints":{"allow":["GET"]}}],"collection":[{"href":"https:\/\/aulari.cat\/es\/wp-json\/wp\/v2\/pages"}],"about":[{"href":"https:\/\/aulari.cat\/es\/wp-json\/wp\/v2\/types\/page"}],"author":[{"embeddable":true,"href":"https:\/\/aulari.cat\/es\/wp-json\/wp\/v2\/users\/1"}],"replies":[{"embeddable":true,"href":"https:\/\/aulari.cat\/es\/wp-json\/wp\/v2\/comments?post=1168"}],"version-history":[{"count":2,"href":"https:\/\/aulari.cat\/es\/wp-json\/wp\/v2\/pages\/1168\/revisions"}],"predecessor-version":[{"id":1737,"href":"https:\/\/aulari.cat\/es\/wp-json\/wp\/v2\/pages\/1168\/revisions\/1737"}],"wp:attachment":[{"href":"https:\/\/aulari.cat\/es\/wp-json\/wp\/v2\/media?parent=1168"}],"curies":[{"name":"wp","href":"https:\/\/api.w.org\/{rel}","templated":true}]}}